{"id":23,"date":"2016-02-26T17:00:01","date_gmt":"2016-02-26T16:00:01","guid":{"rendered":"http:\/\/scd.enetco.ch\/?page_id=23"},"modified":"2025-02-08T10:31:33","modified_gmt":"2025-02-08T09:31:33","slug":"vereinsprogramm","status":"publish","type":"page","link":"https:\/\/www.schuetzen-duggingen.ch\/index.php\/vereinsprogramm\/","title":{"rendered":"Vereinsprogramm"},"content":{"rendered":"<p>Das Vereinsprogramm f\u00fcr 2025 ist jetzt verf\u00fcgbar! Alle wichtigen Informationen und geplanten Veranstaltungen k\u00f6nnt ihr \u00fcber den folgenden Link aufrufen.<br \/>\n<\/br><\/br><br \/>\n<a href=\"https:\/\/www.schuetzen-duggingen.ch\/wp-content\/uploads\/2025\/02\/Generalversammlung_2025_Jahresprogramm.pdf\">Hier geht&#8217;s zum Vereinsprogramm<\/a><\/p>\n","protected":false},"excerpt":{"rendered":"<p>Das Vereinsprogramm f\u00fcr 2025 ist jetzt verf\u00fcgbar! Alle wichtigen Informationen und geplanten Veranstaltungen k\u00f6nnt ihr \u00fcber den folgenden Link aufrufen. Hier geht&#8217;s zum Vereinsprogramm<\/p>\n <a class=\"more-link\" href=\"https:\/\/www.schuetzen-duggingen.ch\/index.php\/vereinsprogramm\/\"><span class=\"more-msg\">Continue reading &rarr;<\/span><\/a>","protected":false},"author":3,"featured_media":0,"parent":0,"menu_order":0,"comment_status":"closed","ping_status":"closed","template":"","meta":{"footnotes":""},"class_list":["post-23","page","type-page","status-publish","hentry"],"yoast_head":"<!-- This site is optimized with the Yoast SEO plugin v27.4 - https:\/\/yoast.com\/product\/yoast-seo-wordpress\/ -->\n<title>Vereinsprogramm - Sch\u00fctzengesellschaft Duggingen<\/title>\n<meta name=\"robots\" content=\"index, follow, max-snippet:-1, max-image-preview:large, max-video-preview:-1\" \/>\n<link rel=\"canonical\" href=\"https:\/\/www.schuetzen-duggingen.ch\/index.php\/vereinsprogramm\/\" \/>\n<meta property=\"og:locale\" content=\"de_DE\" \/>\n<meta property=\"og:type\" content=\"article\" \/>\n<meta property=\"og:title\" content=\"Vereinsprogramm - Sch\u00fctzengesellschaft Duggingen\" \/>\n<meta property=\"og:description\" content=\"Das Vereinsprogramm f\u00fcr 2025 ist jetzt verf\u00fcgbar! Alle wichtigen Informationen und geplanten Veranstaltungen k\u00f6nnt ihr \u00fcber den folgenden Link aufrufen. Hier geht&#8217;s zum Vereinsprogramm\" \/>\n<meta property=\"og:url\" content=\"https:\/\/www.schuetzen-duggingen.ch\/index.php\/vereinsprogramm\/\" \/>\n<meta property=\"og:site_name\" content=\"Sch\u00fctzengesellschaft Duggingen\" \/>\n<meta property=\"article:modified_time\" content=\"2025-02-08T09:31:33+00:00\" \/>\n<meta name=\"twitter:card\" content=\"summary_large_image\" \/>\n<meta name=\"twitter:label1\" content=\"Gesch\u00e4tzte Lesezeit\" \/>\n\t<meta name=\"twitter:data1\" content=\"1\u00a0Minute\" \/>\n<script type=\"application\/ld+json\" class=\"yoast-schema-graph\">{\"@context\":\"https:\\\/\\\/schema.org\",\"@graph\":[{\"@type\":\"WebPage\",\"@id\":\"https:\\\/\\\/www.schuetzen-duggingen.ch\\\/index.php\\\/vereinsprogramm\\\/\",\"url\":\"https:\\\/\\\/www.schuetzen-duggingen.ch\\\/index.php\\\/vereinsprogramm\\\/\",\"name\":\"Vereinsprogramm - Sch\u00fctzengesellschaft Duggingen\",\"isPartOf\":{\"@id\":\"https:\\\/\\\/www.schuetzen-duggingen.ch\\\/#website\"},\"datePublished\":\"2016-02-26T16:00:01+00:00\",\"dateModified\":\"2025-02-08T09:31:33+00:00\",\"breadcrumb\":{\"@id\":\"https:\\\/\\\/www.schuetzen-duggingen.ch\\\/index.php\\\/vereinsprogramm\\\/#breadcrumb\"},\"inLanguage\":\"de-CH\",\"potentialAction\":[{\"@type\":\"ReadAction\",\"target\":[\"https:\\\/\\\/www.schuetzen-duggingen.ch\\\/index.php\\\/vereinsprogramm\\\/\"]}]},{\"@type\":\"BreadcrumbList\",\"@id\":\"https:\\\/\\\/www.schuetzen-duggingen.ch\\\/index.php\\\/vereinsprogramm\\\/#breadcrumb\",\"itemListElement\":[{\"@type\":\"ListItem\",\"position\":1,\"name\":\"Startseite\",\"item\":\"https:\\\/\\\/www.schuetzen-duggingen.ch\\\/\"},{\"@type\":\"ListItem\",\"position\":2,\"name\":\"Vereinsprogramm\"}]},{\"@type\":\"WebSite\",\"@id\":\"https:\\\/\\\/www.schuetzen-duggingen.ch\\\/#website\",\"url\":\"https:\\\/\\\/www.schuetzen-duggingen.ch\\\/\",\"name\":\"Sch\u00fctzengesellschaft Duggingen\",\"description\":\"\",\"publisher\":{\"@id\":\"https:\\\/\\\/www.schuetzen-duggingen.ch\\\/#organization\"},\"alternateName\":\"Sch\u00fctzengesellschaft Duggingen\",\"potentialAction\":[{\"@type\":\"SearchAction\",\"target\":{\"@type\":\"EntryPoint\",\"urlTemplate\":\"https:\\\/\\\/www.schuetzen-duggingen.ch\\\/?s={search_term_string}\"},\"query-input\":{\"@type\":\"PropertyValueSpecification\",\"valueRequired\":true,\"valueName\":\"search_term_string\"}}],\"inLanguage\":\"de-CH\"},{\"@type\":\"Organization\",\"@id\":\"https:\\\/\\\/www.schuetzen-duggingen.ch\\\/#organization\",\"name\":\"Sch\u00fctzengesellschaft Duggingen\",\"alternateName\":\"SGD\",\"url\":\"https:\\\/\\\/www.schuetzen-duggingen.ch\\\/\",\"logo\":{\"@type\":\"ImageObject\",\"inLanguage\":\"de-CH\",\"@id\":\"https:\\\/\\\/www.schuetzen-duggingen.ch\\\/#\\\/schema\\\/logo\\\/image\\\/\",\"url\":\"https:\\\/\\\/www.schuetzen-duggingen.ch\\\/wp-content\\\/uploads\\\/2016\\\/04\\\/LogoSGD.jpg\",\"contentUrl\":\"https:\\\/\\\/www.schuetzen-duggingen.ch\\\/wp-content\\\/uploads\\\/2016\\\/04\\\/LogoSGD.jpg\",\"width\":259,\"height\":259,\"caption\":\"Sch\u00fctzengesellschaft Duggingen\"},\"image\":{\"@id\":\"https:\\\/\\\/www.schuetzen-duggingen.ch\\\/#\\\/schema\\\/logo\\\/image\\\/\"}}]}<\/script>\n<!-- \/ Yoast SEO plugin. -->","yoast_head_json":{"title":"Vereinsprogramm - Sch\u00fctzengesellschaft Duggingen","robots":{"index":"index","follow":"follow","max-snippet":"max-snippet:-1","max-image-preview":"max-image-preview:large","max-video-preview":"max-video-preview:-1"},"canonical":"https:\/\/www.schuetzen-duggingen.ch\/index.php\/vereinsprogramm\/","og_locale":"de_DE","og_type":"article","og_title":"Vereinsprogramm - Sch\u00fctzengesellschaft Duggingen","og_description":"Das Vereinsprogramm f\u00fcr 2025 ist jetzt verf\u00fcgbar! Alle wichtigen Informationen und geplanten Veranstaltungen k\u00f6nnt ihr \u00fcber den folgenden Link aufrufen. Hier geht&#8217;s zum Vereinsprogramm","og_url":"https:\/\/www.schuetzen-duggingen.ch\/index.php\/vereinsprogramm\/","og_site_name":"Sch\u00fctzengesellschaft Duggingen","article_modified_time":"2025-02-08T09:31:33+00:00","twitter_card":"summary_large_image","twitter_misc":{"Gesch\u00e4tzte Lesezeit":"1\u00a0Minute"},"schema":{"@context":"https:\/\/schema.org","@graph":[{"@type":"WebPage","@id":"https:\/\/www.schuetzen-duggingen.ch\/index.php\/vereinsprogramm\/","url":"https:\/\/www.schuetzen-duggingen.ch\/index.php\/vereinsprogramm\/","name":"Vereinsprogramm - Sch\u00fctzengesellschaft Duggingen","isPartOf":{"@id":"https:\/\/www.schuetzen-duggingen.ch\/#website"},"datePublished":"2016-02-26T16:00:01+00:00","dateModified":"2025-02-08T09:31:33+00:00","breadcrumb":{"@id":"https:\/\/www.schuetzen-duggingen.ch\/index.php\/vereinsprogramm\/#breadcrumb"},"inLanguage":"de-CH","potentialAction":[{"@type":"ReadAction","target":["https:\/\/www.schuetzen-duggingen.ch\/index.php\/vereinsprogramm\/"]}]},{"@type":"BreadcrumbList","@id":"https:\/\/www.schuetzen-duggingen.ch\/index.php\/vereinsprogramm\/#breadcrumb","itemListElement":[{"@type":"ListItem","position":1,"name":"Startseite","item":"https:\/\/www.schuetzen-duggingen.ch\/"},{"@type":"ListItem","position":2,"name":"Vereinsprogramm"}]},{"@type":"WebSite","@id":"https:\/\/www.schuetzen-duggingen.ch\/#website","url":"https:\/\/www.schuetzen-duggingen.ch\/","name":"Sch\u00fctzengesellschaft Duggingen","description":"","publisher":{"@id":"https:\/\/www.schuetzen-duggingen.ch\/#organization"},"alternateName":"Sch\u00fctzengesellschaft Duggingen","potentialAction":[{"@type":"SearchAction","target":{"@type":"EntryPoint","urlTemplate":"https:\/\/www.schuetzen-duggingen.ch\/?s={search_term_string}"},"query-input":{"@type":"PropertyValueSpecification","valueRequired":true,"valueName":"search_term_string"}}],"inLanguage":"de-CH"},{"@type":"Organization","@id":"https:\/\/www.schuetzen-duggingen.ch\/#organization","name":"Sch\u00fctzengesellschaft Duggingen","alternateName":"SGD","url":"https:\/\/www.schuetzen-duggingen.ch\/","logo":{"@type":"ImageObject","inLanguage":"de-CH","@id":"https:\/\/www.schuetzen-duggingen.ch\/#\/schema\/logo\/image\/","url":"https:\/\/www.schuetzen-duggingen.ch\/wp-content\/uploads\/2016\/04\/LogoSGD.jpg","contentUrl":"https:\/\/www.schuetzen-duggingen.ch\/wp-content\/uploads\/2016\/04\/LogoSGD.jpg","width":259,"height":259,"caption":"Sch\u00fctzengesellschaft Duggingen"},"image":{"@id":"https:\/\/www.schuetzen-duggingen.ch\/#\/schema\/logo\/image\/"}}]}},"_links":{"self":[{"href":"https:\/\/www.schuetzen-duggingen.ch\/index.php\/wp-json\/wp\/v2\/pages\/23","targetHints":{"allow":["GET"]}}],"collection":[{"href":"https:\/\/www.schuetzen-duggingen.ch\/index.php\/wp-json\/wp\/v2\/pages"}],"about":[{"href":"https:\/\/www.schuetzen-duggingen.ch\/index.php\/wp-json\/wp\/v2\/types\/page"}],"author":[{"embeddable":true,"href":"https:\/\/www.schuetzen-duggingen.ch\/index.php\/wp-json\/wp\/v2\/users\/3"}],"replies":[{"embeddable":true,"href":"https:\/\/www.schuetzen-duggingen.ch\/index.php\/wp-json\/wp\/v2\/comments?post=23"}],"version-history":[{"count":30,"href":"https:\/\/www.schuetzen-duggingen.ch\/index.php\/wp-json\/wp\/v2\/pages\/23\/revisions"}],"predecessor-version":[{"id":932,"href":"https:\/\/www.schuetzen-duggingen.ch\/index.php\/wp-json\/wp\/v2\/pages\/23\/revisions\/932"}],"wp:attachment":[{"href":"https:\/\/www.schuetzen-duggingen.ch\/index.php\/wp-json\/wp\/v2\/media?parent=23"}],"curies":[{"name":"wp","href":"https:\/\/api.w.org\/{rel}","templated":true}]}}