{"id":25,"date":"2016-02-26T17:00:33","date_gmt":"2016-02-26T16:00:33","guid":{"rendered":"http:\/\/scd.enetco.ch\/?page_id=25"},"modified":"2025-02-08T10:29:19","modified_gmt":"2025-02-08T09:29:19","slug":"resultate","status":"publish","type":"page","link":"https:\/\/www.schuetzen-duggingen.ch\/index.php\/resultate\/","title":{"rendered":"Resultate"},"content":{"rendered":"\n<p>Willkommen auf der offiziellen Ergebnisseite der Sch\u00fctzengesellschaft! Hier finden Sie die aktuellen Resultate unserer Wettk\u00e4mpfe, Turniere und Vereinsmeisterschaften. Unsere Sch\u00fctzen haben wieder einmal ihr K\u00f6nnen unter Beweis gestellt und f\u00fcr spannende Wettk\u00e4mpfe gesorgt.<\/p>\n\n\n\n<p><strong>Ergebnisse von:<\/strong><\/p>\n\n\n\n<ul class=\"wp-block-list\">\n<li>Vereinsmeisterschaft 2024<\/li>\n\n\n\n<li>Freundschaftswettkampf<\/li>\n\n\n\n<li>weitere <\/li>\n<\/ul>\n\n\n\n<p>Finden Sie im <strong>Sch\u00fctzenmeisterbericht<\/strong>:<\/p>\n\n\n\n<p>\u27a1\ufe0f <a href=\"https:\/\/www.schuetzen-duggingen.ch\/wp-content\/uploads\/2025\/02\/Generalversammlung_2025_Schuetzenmeisterbericht.pdf\">Zum Sch\u00fctzenmeisterbericht<\/a><\/p>\n","protected":false},"excerpt":{"rendered":"<p>Willkommen auf der offiziellen Ergebnisseite der Sch\u00fctzengesellschaft! Hier finden Sie die aktuellen Resultate unserer Wettk\u00e4mpfe, Turniere und Vereinsmeisterschaften. Unsere Sch\u00fctzen haben wieder einmal ihr K\u00f6nnen unter Beweis gestellt und f\u00fcr spannende Wettk\u00e4mpfe gesorgt. Ergebnisse von: Finden Sie im Sch\u00fctzenmeisterbericht: \u27a1\ufe0f <span class=\"excerpt-dots\">&hellip;<\/span> <a class=\"more-link\" href=\"https:\/\/www.schuetzen-duggingen.ch\/index.php\/resultate\/\"><span class=\"more-msg\">Continue reading &rarr;<\/span><\/a><\/p>\n","protected":false},"author":1,"featured_media":0,"parent":0,"menu_order":0,"comment_status":"closed","ping_status":"closed","template":"","meta":{"footnotes":""},"class_list":["post-25","page","type-page","status-publish","hentry"],"yoast_head":"<!-- This site is optimized with the Yoast SEO plugin v27.4 - https:\/\/yoast.com\/product\/yoast-seo-wordpress\/ -->\n<title>Resultate - Sch\u00fctzengesellschaft Duggingen<\/title>\n<meta name=\"robots\" content=\"index, follow, max-snippet:-1, max-image-preview:large, max-video-preview:-1\" \/>\n<link rel=\"canonical\" href=\"https:\/\/www.schuetzen-duggingen.ch\/index.php\/resultate\/\" \/>\n<meta property=\"og:locale\" content=\"de_DE\" \/>\n<meta property=\"og:type\" content=\"article\" \/>\n<meta property=\"og:title\" content=\"Resultate - Sch\u00fctzengesellschaft Duggingen\" \/>\n<meta property=\"og:description\" content=\"Willkommen auf der offiziellen Ergebnisseite der Sch\u00fctzengesellschaft! Hier finden Sie die aktuellen Resultate unserer Wettk\u00e4mpfe, Turniere und Vereinsmeisterschaften. Unsere Sch\u00fctzen haben wieder einmal ihr K\u00f6nnen unter Beweis gestellt und f\u00fcr spannende Wettk\u00e4mpfe gesorgt. Ergebnisse von: Finden Sie im Sch\u00fctzenmeisterbericht: \u27a1\ufe0f &hellip; Continue reading &rarr;\" \/>\n<meta property=\"og:url\" content=\"https:\/\/www.schuetzen-duggingen.ch\/index.php\/resultate\/\" \/>\n<meta property=\"og:site_name\" content=\"Sch\u00fctzengesellschaft Duggingen\" \/>\n<meta property=\"article:modified_time\" content=\"2025-02-08T09:29:19+00:00\" \/>\n<meta name=\"twitter:card\" content=\"summary_large_image\" \/>\n<meta name=\"twitter:label1\" content=\"Gesch\u00e4tzte Lesezeit\" \/>\n\t<meta name=\"twitter:data1\" content=\"1\u00a0Minute\" \/>\n<script type=\"application\/ld+json\" class=\"yoast-schema-graph\">{\"@context\":\"https:\\\/\\\/schema.org\",\"@graph\":[{\"@type\":\"WebPage\",\"@id\":\"https:\\\/\\\/www.schuetzen-duggingen.ch\\\/index.php\\\/resultate\\\/\",\"url\":\"https:\\\/\\\/www.schuetzen-duggingen.ch\\\/index.php\\\/resultate\\\/\",\"name\":\"Resultate - Sch\u00fctzengesellschaft Duggingen\",\"isPartOf\":{\"@id\":\"https:\\\/\\\/www.schuetzen-duggingen.ch\\\/#website\"},\"datePublished\":\"2016-02-26T16:00:33+00:00\",\"dateModified\":\"2025-02-08T09:29:19+00:00\",\"breadcrumb\":{\"@id\":\"https:\\\/\\\/www.schuetzen-duggingen.ch\\\/index.php\\\/resultate\\\/#breadcrumb\"},\"inLanguage\":\"de-CH\",\"potentialAction\":[{\"@type\":\"ReadAction\",\"target\":[\"https:\\\/\\\/www.schuetzen-duggingen.ch\\\/index.php\\\/resultate\\\/\"]}]},{\"@type\":\"BreadcrumbList\",\"@id\":\"https:\\\/\\\/www.schuetzen-duggingen.ch\\\/index.php\\\/resultate\\\/#breadcrumb\",\"itemListElement\":[{\"@type\":\"ListItem\",\"position\":1,\"name\":\"Startseite\",\"item\":\"https:\\\/\\\/www.schuetzen-duggingen.ch\\\/\"},{\"@type\":\"ListItem\",\"position\":2,\"name\":\"Resultate\"}]},{\"@type\":\"WebSite\",\"@id\":\"https:\\\/\\\/www.schuetzen-duggingen.ch\\\/#website\",\"url\":\"https:\\\/\\\/www.schuetzen-duggingen.ch\\\/\",\"name\":\"Sch\u00fctzengesellschaft Duggingen\",\"description\":\"\",\"publisher\":{\"@id\":\"https:\\\/\\\/www.schuetzen-duggingen.ch\\\/#organization\"},\"alternateName\":\"Sch\u00fctzengesellschaft Duggingen\",\"potentialAction\":[{\"@type\":\"SearchAction\",\"target\":{\"@type\":\"EntryPoint\",\"urlTemplate\":\"https:\\\/\\\/www.schuetzen-duggingen.ch\\\/?s={search_term_string}\"},\"query-input\":{\"@type\":\"PropertyValueSpecification\",\"valueRequired\":true,\"valueName\":\"search_term_string\"}}],\"inLanguage\":\"de-CH\"},{\"@type\":\"Organization\",\"@id\":\"https:\\\/\\\/www.schuetzen-duggingen.ch\\\/#organization\",\"name\":\"Sch\u00fctzengesellschaft Duggingen\",\"alternateName\":\"SGD\",\"url\":\"https:\\\/\\\/www.schuetzen-duggingen.ch\\\/\",\"logo\":{\"@type\":\"ImageObject\",\"inLanguage\":\"de-CH\",\"@id\":\"https:\\\/\\\/www.schuetzen-duggingen.ch\\\/#\\\/schema\\\/logo\\\/image\\\/\",\"url\":\"https:\\\/\\\/www.schuetzen-duggingen.ch\\\/wp-content\\\/uploads\\\/2016\\\/04\\\/LogoSGD.jpg\",\"contentUrl\":\"https:\\\/\\\/www.schuetzen-duggingen.ch\\\/wp-content\\\/uploads\\\/2016\\\/04\\\/LogoSGD.jpg\",\"width\":259,\"height\":259,\"caption\":\"Sch\u00fctzengesellschaft Duggingen\"},\"image\":{\"@id\":\"https:\\\/\\\/www.schuetzen-duggingen.ch\\\/#\\\/schema\\\/logo\\\/image\\\/\"}}]}<\/script>\n<!-- \/ Yoast SEO plugin. -->","yoast_head_json":{"title":"Resultate - Sch\u00fctzengesellschaft Duggingen","robots":{"index":"index","follow":"follow","max-snippet":"max-snippet:-1","max-image-preview":"max-image-preview:large","max-video-preview":"max-video-preview:-1"},"canonical":"https:\/\/www.schuetzen-duggingen.ch\/index.php\/resultate\/","og_locale":"de_DE","og_type":"article","og_title":"Resultate - Sch\u00fctzengesellschaft Duggingen","og_description":"Willkommen auf der offiziellen Ergebnisseite der Sch\u00fctzengesellschaft! Hier finden Sie die aktuellen Resultate unserer Wettk\u00e4mpfe, Turniere und Vereinsmeisterschaften. Unsere Sch\u00fctzen haben wieder einmal ihr K\u00f6nnen unter Beweis gestellt und f\u00fcr spannende Wettk\u00e4mpfe gesorgt. Ergebnisse von: Finden Sie im Sch\u00fctzenmeisterbericht: \u27a1\ufe0f &hellip; Continue reading &rarr;","og_url":"https:\/\/www.schuetzen-duggingen.ch\/index.php\/resultate\/","og_site_name":"Sch\u00fctzengesellschaft Duggingen","article_modified_time":"2025-02-08T09:29:19+00:00","twitter_card":"summary_large_image","twitter_misc":{"Gesch\u00e4tzte Lesezeit":"1\u00a0Minute"},"schema":{"@context":"https:\/\/schema.org","@graph":[{"@type":"WebPage","@id":"https:\/\/www.schuetzen-duggingen.ch\/index.php\/resultate\/","url":"https:\/\/www.schuetzen-duggingen.ch\/index.php\/resultate\/","name":"Resultate - Sch\u00fctzengesellschaft Duggingen","isPartOf":{"@id":"https:\/\/www.schuetzen-duggingen.ch\/#website"},"datePublished":"2016-02-26T16:00:33+00:00","dateModified":"2025-02-08T09:29:19+00:00","breadcrumb":{"@id":"https:\/\/www.schuetzen-duggingen.ch\/index.php\/resultate\/#breadcrumb"},"inLanguage":"de-CH","potentialAction":[{"@type":"ReadAction","target":["https:\/\/www.schuetzen-duggingen.ch\/index.php\/resultate\/"]}]},{"@type":"BreadcrumbList","@id":"https:\/\/www.schuetzen-duggingen.ch\/index.php\/resultate\/#breadcrumb","itemListElement":[{"@type":"ListItem","position":1,"name":"Startseite","item":"https:\/\/www.schuetzen-duggingen.ch\/"},{"@type":"ListItem","position":2,"name":"Resultate"}]},{"@type":"WebSite","@id":"https:\/\/www.schuetzen-duggingen.ch\/#website","url":"https:\/\/www.schuetzen-duggingen.ch\/","name":"Sch\u00fctzengesellschaft Duggingen","description":"","publisher":{"@id":"https:\/\/www.schuetzen-duggingen.ch\/#organization"},"alternateName":"Sch\u00fctzengesellschaft Duggingen","potentialAction":[{"@type":"SearchAction","target":{"@type":"EntryPoint","urlTemplate":"https:\/\/www.schuetzen-duggingen.ch\/?s={search_term_string}"},"query-input":{"@type":"PropertyValueSpecification","valueRequired":true,"valueName":"search_term_string"}}],"inLanguage":"de-CH"},{"@type":"Organization","@id":"https:\/\/www.schuetzen-duggingen.ch\/#organization","name":"Sch\u00fctzengesellschaft Duggingen","alternateName":"SGD","url":"https:\/\/www.schuetzen-duggingen.ch\/","logo":{"@type":"ImageObject","inLanguage":"de-CH","@id":"https:\/\/www.schuetzen-duggingen.ch\/#\/schema\/logo\/image\/","url":"https:\/\/www.schuetzen-duggingen.ch\/wp-content\/uploads\/2016\/04\/LogoSGD.jpg","contentUrl":"https:\/\/www.schuetzen-duggingen.ch\/wp-content\/uploads\/2016\/04\/LogoSGD.jpg","width":259,"height":259,"caption":"Sch\u00fctzengesellschaft Duggingen"},"image":{"@id":"https:\/\/www.schuetzen-duggingen.ch\/#\/schema\/logo\/image\/"}}]}},"_links":{"self":[{"href":"https:\/\/www.schuetzen-duggingen.ch\/index.php\/wp-json\/wp\/v2\/pages\/25","targetHints":{"allow":["GET"]}}],"collection":[{"href":"https:\/\/www.schuetzen-duggingen.ch\/index.php\/wp-json\/wp\/v2\/pages"}],"about":[{"href":"https:\/\/www.schuetzen-duggingen.ch\/index.php\/wp-json\/wp\/v2\/types\/page"}],"author":[{"embeddable":true,"href":"https:\/\/www.schuetzen-duggingen.ch\/index.php\/wp-json\/wp\/v2\/users\/1"}],"replies":[{"embeddable":true,"href":"https:\/\/www.schuetzen-duggingen.ch\/index.php\/wp-json\/wp\/v2\/comments?post=25"}],"version-history":[{"count":19,"href":"https:\/\/www.schuetzen-duggingen.ch\/index.php\/wp-json\/wp\/v2\/pages\/25\/revisions"}],"predecessor-version":[{"id":928,"href":"https:\/\/www.schuetzen-duggingen.ch\/index.php\/wp-json\/wp\/v2\/pages\/25\/revisions\/928"}],"wp:attachment":[{"href":"https:\/\/www.schuetzen-duggingen.ch\/index.php\/wp-json\/wp\/v2\/media?parent=25"}],"curies":[{"name":"wp","href":"https:\/\/api.w.org\/{rel}","templated":true}]}}