{"id":29,"date":"2016-02-26T17:03:11","date_gmt":"2016-02-26T16:03:11","guid":{"rendered":"http:\/\/scd.enetco.ch\/?page_id=29"},"modified":"2026-04-17T10:23:45","modified_gmt":"2026-04-17T08:23:45","slug":"jungschutzen","status":"publish","type":"page","link":"https:\/\/www.schuetzen-duggingen.ch\/index.php\/beispiel-seite\/jungschutzen\/","title":{"rendered":"Jungsch\u00fctzen"},"content":{"rendered":"\n<p>Es darf auch schon fr\u00fch ge\u00fcbt werden<\/p>\n\n\n\n<figure class=\"wp-block-image size-full\"><img loading=\"lazy\" decoding=\"async\" width=\"640\" height=\"480\" src=\"https:\/\/www.schuetzen-duggingen.ch\/wp-content\/uploads\/2016\/02\/P1030556.jpg\" alt=\"\" class=\"wp-image-127\" srcset=\"https:\/\/www.schuetzen-duggingen.ch\/wp-content\/uploads\/2016\/02\/P1030556.jpg 640w, https:\/\/www.schuetzen-duggingen.ch\/wp-content\/uploads\/2016\/02\/P1030556-300x225.jpg 300w\" sizes=\"auto, (max-width: 640px) 100vw, 640px\" \/><\/figure>\n","protected":false},"excerpt":{"rendered":"<p>Es darf auch schon fr\u00fch ge\u00fcbt werden<\/p>\n <a class=\"more-link\" href=\"https:\/\/www.schuetzen-duggingen.ch\/index.php\/beispiel-seite\/jungschutzen\/\"><span class=\"more-msg\">Continue reading &rarr;<\/span><\/a>","protected":false},"author":1,"featured_media":0,"parent":2,"menu_order":0,"comment_status":"closed","ping_status":"closed","template":"","meta":{"footnotes":""},"class_list":["post-29","page","type-page","status-publish","hentry"],"yoast_head":"<!-- This site is optimized with the Yoast SEO plugin v27.4 - https:\/\/yoast.com\/product\/yoast-seo-wordpress\/ -->\n<title>Jungsch\u00fctzen - Sch\u00fctzengesellschaft Duggingen<\/title>\n<meta name=\"robots\" content=\"index, follow, max-snippet:-1, max-image-preview:large, max-video-preview:-1\" \/>\n<link rel=\"canonical\" href=\"https:\/\/www.schuetzen-duggingen.ch\/index.php\/beispiel-seite\/jungschutzen\/\" \/>\n<meta property=\"og:locale\" content=\"de_DE\" \/>\n<meta property=\"og:type\" content=\"article\" \/>\n<meta property=\"og:title\" content=\"Jungsch\u00fctzen - Sch\u00fctzengesellschaft Duggingen\" \/>\n<meta property=\"og:description\" content=\"Es darf auch schon fr\u00fch ge\u00fcbt werden\" \/>\n<meta property=\"og:url\" content=\"https:\/\/www.schuetzen-duggingen.ch\/index.php\/beispiel-seite\/jungschutzen\/\" \/>\n<meta property=\"og:site_name\" content=\"Sch\u00fctzengesellschaft Duggingen\" \/>\n<meta property=\"article:modified_time\" content=\"2026-04-17T08:23:45+00:00\" \/>\n<meta property=\"og:image\" content=\"https:\/\/www.schuetzen-duggingen.ch\/wp-content\/uploads\/2016\/02\/P1030556.jpg\" \/>\n\t<meta property=\"og:image:width\" content=\"640\" \/>\n\t<meta property=\"og:image:height\" content=\"480\" \/>\n\t<meta property=\"og:image:type\" content=\"image\/jpeg\" \/>\n<meta name=\"twitter:card\" content=\"summary_large_image\" \/>\n<meta name=\"twitter:label1\" content=\"Gesch\u00e4tzte Lesezeit\" \/>\n\t<meta name=\"twitter:data1\" content=\"1\u00a0Minute\" \/>\n<script type=\"application\/ld+json\" class=\"yoast-schema-graph\">{\"@context\":\"https:\\\/\\\/schema.org\",\"@graph\":[{\"@type\":\"WebPage\",\"@id\":\"https:\\\/\\\/www.schuetzen-duggingen.ch\\\/index.php\\\/beispiel-seite\\\/jungschutzen\\\/\",\"url\":\"https:\\\/\\\/www.schuetzen-duggingen.ch\\\/index.php\\\/beispiel-seite\\\/jungschutzen\\\/\",\"name\":\"Jungsch\u00fctzen - Sch\u00fctzengesellschaft Duggingen\",\"isPartOf\":{\"@id\":\"https:\\\/\\\/www.schuetzen-duggingen.ch\\\/#website\"},\"primaryImageOfPage\":{\"@id\":\"https:\\\/\\\/www.schuetzen-duggingen.ch\\\/index.php\\\/beispiel-seite\\\/jungschutzen\\\/#primaryimage\"},\"image\":{\"@id\":\"https:\\\/\\\/www.schuetzen-duggingen.ch\\\/index.php\\\/beispiel-seite\\\/jungschutzen\\\/#primaryimage\"},\"thumbnailUrl\":\"https:\\\/\\\/www.schuetzen-duggingen.ch\\\/wp-content\\\/uploads\\\/2016\\\/02\\\/P1030556.jpg\",\"datePublished\":\"2016-02-26T16:03:11+00:00\",\"dateModified\":\"2026-04-17T08:23:45+00:00\",\"breadcrumb\":{\"@id\":\"https:\\\/\\\/www.schuetzen-duggingen.ch\\\/index.php\\\/beispiel-seite\\\/jungschutzen\\\/#breadcrumb\"},\"inLanguage\":\"de-CH\",\"potentialAction\":[{\"@type\":\"ReadAction\",\"target\":[\"https:\\\/\\\/www.schuetzen-duggingen.ch\\\/index.php\\\/beispiel-seite\\\/jungschutzen\\\/\"]}]},{\"@type\":\"ImageObject\",\"inLanguage\":\"de-CH\",\"@id\":\"https:\\\/\\\/www.schuetzen-duggingen.ch\\\/index.php\\\/beispiel-seite\\\/jungschutzen\\\/#primaryimage\",\"url\":\"https:\\\/\\\/www.schuetzen-duggingen.ch\\\/wp-content\\\/uploads\\\/2016\\\/02\\\/P1030556.jpg\",\"contentUrl\":\"https:\\\/\\\/www.schuetzen-duggingen.ch\\\/wp-content\\\/uploads\\\/2016\\\/02\\\/P1030556.jpg\",\"width\":640,\"height\":480},{\"@type\":\"BreadcrumbList\",\"@id\":\"https:\\\/\\\/www.schuetzen-duggingen.ch\\\/index.php\\\/beispiel-seite\\\/jungschutzen\\\/#breadcrumb\",\"itemListElement\":[{\"@type\":\"ListItem\",\"position\":1,\"name\":\"Startseite\",\"item\":\"https:\\\/\\\/www.schuetzen-duggingen.ch\\\/\"},{\"@type\":\"ListItem\",\"position\":2,\"name\":\"Sch\u00fctzen\",\"item\":\"https:\\\/\\\/www.schuetzen-duggingen.ch\\\/\"},{\"@type\":\"ListItem\",\"position\":3,\"name\":\"Jungsch\u00fctzen\"}]},{\"@type\":\"WebSite\",\"@id\":\"https:\\\/\\\/www.schuetzen-duggingen.ch\\\/#website\",\"url\":\"https:\\\/\\\/www.schuetzen-duggingen.ch\\\/\",\"name\":\"Sch\u00fctzengesellschaft Duggingen\",\"description\":\"\",\"publisher\":{\"@id\":\"https:\\\/\\\/www.schuetzen-duggingen.ch\\\/#organization\"},\"alternateName\":\"Sch\u00fctzengesellschaft Duggingen\",\"potentialAction\":[{\"@type\":\"SearchAction\",\"target\":{\"@type\":\"EntryPoint\",\"urlTemplate\":\"https:\\\/\\\/www.schuetzen-duggingen.ch\\\/?s={search_term_string}\"},\"query-input\":{\"@type\":\"PropertyValueSpecification\",\"valueRequired\":true,\"valueName\":\"search_term_string\"}}],\"inLanguage\":\"de-CH\"},{\"@type\":\"Organization\",\"@id\":\"https:\\\/\\\/www.schuetzen-duggingen.ch\\\/#organization\",\"name\":\"Sch\u00fctzengesellschaft Duggingen\",\"alternateName\":\"SGD\",\"url\":\"https:\\\/\\\/www.schuetzen-duggingen.ch\\\/\",\"logo\":{\"@type\":\"ImageObject\",\"inLanguage\":\"de-CH\",\"@id\":\"https:\\\/\\\/www.schuetzen-duggingen.ch\\\/#\\\/schema\\\/logo\\\/image\\\/\",\"url\":\"https:\\\/\\\/www.schuetzen-duggingen.ch\\\/wp-content\\\/uploads\\\/2016\\\/04\\\/LogoSGD.jpg\",\"contentUrl\":\"https:\\\/\\\/www.schuetzen-duggingen.ch\\\/wp-content\\\/uploads\\\/2016\\\/04\\\/LogoSGD.jpg\",\"width\":259,\"height\":259,\"caption\":\"Sch\u00fctzengesellschaft Duggingen\"},\"image\":{\"@id\":\"https:\\\/\\\/www.schuetzen-duggingen.ch\\\/#\\\/schema\\\/logo\\\/image\\\/\"}}]}<\/script>\n<!-- \/ Yoast SEO plugin. -->","yoast_head_json":{"title":"Jungsch\u00fctzen - Sch\u00fctzengesellschaft Duggingen","robots":{"index":"index","follow":"follow","max-snippet":"max-snippet:-1","max-image-preview":"max-image-preview:large","max-video-preview":"max-video-preview:-1"},"canonical":"https:\/\/www.schuetzen-duggingen.ch\/index.php\/beispiel-seite\/jungschutzen\/","og_locale":"de_DE","og_type":"article","og_title":"Jungsch\u00fctzen - Sch\u00fctzengesellschaft Duggingen","og_description":"Es darf auch schon fr\u00fch ge\u00fcbt werden","og_url":"https:\/\/www.schuetzen-duggingen.ch\/index.php\/beispiel-seite\/jungschutzen\/","og_site_name":"Sch\u00fctzengesellschaft Duggingen","article_modified_time":"2026-04-17T08:23:45+00:00","og_image":[{"width":640,"height":480,"url":"https:\/\/www.schuetzen-duggingen.ch\/wp-content\/uploads\/2016\/02\/P1030556.jpg","type":"image\/jpeg"}],"twitter_card":"summary_large_image","twitter_misc":{"Gesch\u00e4tzte Lesezeit":"1\u00a0Minute"},"schema":{"@context":"https:\/\/schema.org","@graph":[{"@type":"WebPage","@id":"https:\/\/www.schuetzen-duggingen.ch\/index.php\/beispiel-seite\/jungschutzen\/","url":"https:\/\/www.schuetzen-duggingen.ch\/index.php\/beispiel-seite\/jungschutzen\/","name":"Jungsch\u00fctzen - Sch\u00fctzengesellschaft Duggingen","isPartOf":{"@id":"https:\/\/www.schuetzen-duggingen.ch\/#website"},"primaryImageOfPage":{"@id":"https:\/\/www.schuetzen-duggingen.ch\/index.php\/beispiel-seite\/jungschutzen\/#primaryimage"},"image":{"@id":"https:\/\/www.schuetzen-duggingen.ch\/index.php\/beispiel-seite\/jungschutzen\/#primaryimage"},"thumbnailUrl":"https:\/\/www.schuetzen-duggingen.ch\/wp-content\/uploads\/2016\/02\/P1030556.jpg","datePublished":"2016-02-26T16:03:11+00:00","dateModified":"2026-04-17T08:23:45+00:00","breadcrumb":{"@id":"https:\/\/www.schuetzen-duggingen.ch\/index.php\/beispiel-seite\/jungschutzen\/#breadcrumb"},"inLanguage":"de-CH","potentialAction":[{"@type":"ReadAction","target":["https:\/\/www.schuetzen-duggingen.ch\/index.php\/beispiel-seite\/jungschutzen\/"]}]},{"@type":"ImageObject","inLanguage":"de-CH","@id":"https:\/\/www.schuetzen-duggingen.ch\/index.php\/beispiel-seite\/jungschutzen\/#primaryimage","url":"https:\/\/www.schuetzen-duggingen.ch\/wp-content\/uploads\/2016\/02\/P1030556.jpg","contentUrl":"https:\/\/www.schuetzen-duggingen.ch\/wp-content\/uploads\/2016\/02\/P1030556.jpg","width":640,"height":480},{"@type":"BreadcrumbList","@id":"https:\/\/www.schuetzen-duggingen.ch\/index.php\/beispiel-seite\/jungschutzen\/#breadcrumb","itemListElement":[{"@type":"ListItem","position":1,"name":"Startseite","item":"https:\/\/www.schuetzen-duggingen.ch\/"},{"@type":"ListItem","position":2,"name":"Sch\u00fctzen","item":"https:\/\/www.schuetzen-duggingen.ch\/"},{"@type":"ListItem","position":3,"name":"Jungsch\u00fctzen"}]},{"@type":"WebSite","@id":"https:\/\/www.schuetzen-duggingen.ch\/#website","url":"https:\/\/www.schuetzen-duggingen.ch\/","name":"Sch\u00fctzengesellschaft Duggingen","description":"","publisher":{"@id":"https:\/\/www.schuetzen-duggingen.ch\/#organization"},"alternateName":"Sch\u00fctzengesellschaft Duggingen","potentialAction":[{"@type":"SearchAction","target":{"@type":"EntryPoint","urlTemplate":"https:\/\/www.schuetzen-duggingen.ch\/?s={search_term_string}"},"query-input":{"@type":"PropertyValueSpecification","valueRequired":true,"valueName":"search_term_string"}}],"inLanguage":"de-CH"},{"@type":"Organization","@id":"https:\/\/www.schuetzen-duggingen.ch\/#organization","name":"Sch\u00fctzengesellschaft Duggingen","alternateName":"SGD","url":"https:\/\/www.schuetzen-duggingen.ch\/","logo":{"@type":"ImageObject","inLanguage":"de-CH","@id":"https:\/\/www.schuetzen-duggingen.ch\/#\/schema\/logo\/image\/","url":"https:\/\/www.schuetzen-duggingen.ch\/wp-content\/uploads\/2016\/04\/LogoSGD.jpg","contentUrl":"https:\/\/www.schuetzen-duggingen.ch\/wp-content\/uploads\/2016\/04\/LogoSGD.jpg","width":259,"height":259,"caption":"Sch\u00fctzengesellschaft Duggingen"},"image":{"@id":"https:\/\/www.schuetzen-duggingen.ch\/#\/schema\/logo\/image\/"}}]}},"_links":{"self":[{"href":"https:\/\/www.schuetzen-duggingen.ch\/index.php\/wp-json\/wp\/v2\/pages\/29","targetHints":{"allow":["GET"]}}],"collection":[{"href":"https:\/\/www.schuetzen-duggingen.ch\/index.php\/wp-json\/wp\/v2\/pages"}],"about":[{"href":"https:\/\/www.schuetzen-duggingen.ch\/index.php\/wp-json\/wp\/v2\/types\/page"}],"author":[{"embeddable":true,"href":"https:\/\/www.schuetzen-duggingen.ch\/index.php\/wp-json\/wp\/v2\/users\/1"}],"replies":[{"embeddable":true,"href":"https:\/\/www.schuetzen-duggingen.ch\/index.php\/wp-json\/wp\/v2\/comments?post=29"}],"version-history":[{"count":2,"href":"https:\/\/www.schuetzen-duggingen.ch\/index.php\/wp-json\/wp\/v2\/pages\/29\/revisions"}],"predecessor-version":[{"id":949,"href":"https:\/\/www.schuetzen-duggingen.ch\/index.php\/wp-json\/wp\/v2\/pages\/29\/revisions\/949"}],"up":[{"embeddable":true,"href":"https:\/\/www.schuetzen-duggingen.ch\/index.php\/wp-json\/wp\/v2\/pages\/2"}],"wp:attachment":[{"href":"https:\/\/www.schuetzen-duggingen.ch\/index.php\/wp-json\/wp\/v2\/media?parent=29"}],"curies":[{"name":"wp","href":"https:\/\/api.w.org\/{rel}","templated":true}]}}