{"id":32,"date":"2016-02-26T17:57:57","date_gmt":"2016-02-26T16:57:57","guid":{"rendered":"http:\/\/scd.enetco.ch\/?page_id=32"},"modified":"2025-02-08T10:47:13","modified_gmt":"2025-02-08T09:47:13","slug":"vorstand","status":"publish","type":"page","link":"https:\/\/www.schuetzen-duggingen.ch\/index.php\/vorstand\/","title":{"rendered":"Vorstand"},"content":{"rendered":"\n<h6 class=\"wp-block-heading\">&#8212;> link zum PDF <a href=\"https:\/\/www.schuetzen-duggingen.ch\/wp-content\/uploads\/2025\/02\/Vorstand_2025.pdf\">Vorstand 2025<\/a><\/h6>\n\n\n\n<h3 class=\"wp-block-heading\"><strong>Andreas D\u00e4hler<\/strong><\/h3>\n\n\n\n<h3 class=\"wp-block-heading\"><figure><img loading=\"lazy\" decoding=\"async\" class=\"alignnone size-medium wp-image-192\" src=\"http:\/\/www.schuetzen-duggingen.ch\/wp-content\/uploads\/2016\/02\/AndreasD-300x279.jpg\" alt=\"AndreasD\" width=\"300\" height=\"279\" srcset=\"https:\/\/www.schuetzen-duggingen.ch\/wp-content\/uploads\/2016\/02\/AndreasD-300x279.jpg 300w, https:\/\/www.schuetzen-duggingen.ch\/wp-content\/uploads\/2016\/02\/AndreasD.jpg 430w\" sizes=\"auto, (max-width: 300px) 100vw, 300px\" \/><\/figure><\/h3>\n\n\n\n<div class=\"xr_s6\"><span class=\"xr_tl xr_s6\">Pr\u00e4sident: Andreas D\u00e4hler, <\/span><\/div>\n\n\n\n<div class=\"xr_s6\"><span class=\"xr_tl xr_s6\">Felixh\u00e4glistrasse 29, 4103 Bottmingen<\/span><\/div>\n\n\n\n<div class=\"xr_s6\"><span class=\"xr_tl xr_s6\">Tel. Privat. 061 751 58 66 \/ 076 526 26 90 <\/span><\/div>\n\n\n\n<div class=\"xr_s6\"><span class=\"xr_tl xr_s11\"><span class=\"xr_s6\">E-Mail: praesident@schuetzen-duggingen.ch<br>\n<\/span><\/span><\/div>\n\n\n\n<hr class=\"wp-block-separator has-alpha-channel-opacity\"\/>\n\n\n\n<h3 class=\"wp-block-heading xr_s6\">Camille <strong><span class=\"xr_tl xr_s6\">H\u00e4usler<\/span><\/strong><\/h3>\n\n\n\n<p><span class=\"xr_tl xr_s6\">Kassier: Camille H\u00e4usler<\/span><br>\n<span class=\"xr_tl xr_s6\">St. Jakobstrasse 30, 4147 Aesch<\/span><br>\n<span class=\"xr_tl xr_s6\">Tel. Privat: 061 753 13 05<\/span><br>\n<span class=\"xr_tl xr_s6\">E-mail: kassier@schuetzen-duggingen.ch<br>\n<\/span><\/p>\n\n\n\n<div class=\"xr_s6\">\n<hr>\n<\/div>\n\n\n\n<h3 class=\"wp-block-heading xr_s6\"><strong><span class=\"xr_tl xr_s6\">Raymond H\u00e4usler<\/span><\/strong><\/h3>\n\n\n\n<div class=\"xr_s6\">\n<figure><img loading=\"lazy\" decoding=\"async\" class=\"size-medium wp-image-217 aligncenter\" src=\"http:\/\/www.schuetzen-duggingen.ch\/wp-content\/uploads\/2016\/02\/Raymond-225x300.jpg\" alt=\"Raymond\" width=\"225\" height=\"300\" srcset=\"https:\/\/www.schuetzen-duggingen.ch\/wp-content\/uploads\/2016\/02\/Raymond-225x300.jpg 225w, https:\/\/www.schuetzen-duggingen.ch\/wp-content\/uploads\/2016\/02\/Raymond-768x1024.jpg 768w\" sizes=\"auto, (max-width: 225px) 100vw, 225px\" \/><\/figure><p><\/p>\n<div class=\"xr_s6\"><span class=\"xr_tl xr_s6\">Vizepr\u00e4sident: Raymond H\u00e4usler<\/span><\/div>\n<div class=\"xr_s6\"><span class=\"xr_tl xr_s6\">Chef Schiesswesen und Sch\u00fctzenmeister<\/span><\/div>\n<div class=\"xr_s6\"><span class=\"xr_tl xr_s6\">Schledernweg 32, 4143 Dornach<\/span><\/div>\n<div class=\"xr_s6\"><span class=\"xr_tl xr_s6\">Tel. Privat. 061 751 34 83&nbsp; <\/span><\/div>\n<div class=\"xr_s6\"><span class=\"xr_tl xr_s6\">E-mail: schuetzenmeister@schuetzen-duggingen.ch<br>\n<\/span><\/div>\n<div class=\"xr_s6\">\n<hr>\n<\/div>\n<h3 class=\"xr_s6\" style=\"text-align: center;\"><strong><span class=\"xr_tl xr_s6\">Thomas K\u00fcrsteiner<\/span><\/strong><\/h3>\n<div class=\"xr_s6\"><span class=\"xr_tl xr_s6\">Sekret\u00e4r:Thomas K\u00fcrsteiner<\/span><\/div>\n<div class=\"xr_s6\"><span class=\"xr_tl xr_s6\">Schuetzen Duggingen<br>\n<\/span><\/div>\n<div class=\"xr_s6\"><span class=\"xr_tl xr_s6\">E-mail: sekretariat@schuetzen-duggingen.ch<br>\n<\/span><\/div>\n<div class=\"xr_s6\">\n<hr>\n<h3 class=\"xr_s6\" style=\"text-align: center;\"><strong><span class=\"xr_tl xr_s6\">Roger V\u00f6gtli<\/span><\/strong><\/h3>\n<figure><img loading=\"lazy\" decoding=\"async\" class=\"alignnone size-full wp-image-194\" src=\"http:\/\/www.schuetzen-duggingen.ch\/wp-content\/uploads\/2016\/03\/IMG_1957.jpg\" alt=\"IMG_1957\" width=\"75\" height=\"100\"><\/figure><div class=\"xr_s6\" style=\"text-align: center;\"><\/div>\n<div class=\"xr_s6\"><span class=\"xr_tl xr_s6\">2. Sch\u00fctzenmeister: Roger V\u00f6gtli<\/span><\/div>\n<div class=\"xr_s6\"><span class=\"xr_tl xr_s6\">Bettlerbrunnenweg 21, 4226 Breitenbach<\/span><\/div>\n<div class=\"xr_s6\"><span class=\"xr_tl xr_s6\">Tel. Privat. 061 422 12 71<\/span> <span class=\"xr_tl xr_s6\">Tel. Gesch\u00e4ft: 061 785 56 11\/079 823 04 20<\/span><\/div>\n<div class=\"xr_s6\"><span class=\"xr_tl xr_s11\"><span class=\"xr_s6\">E-mail: schuetzenmeister2@schuetzen-duggingen.ch<br>\n<\/span><\/span><\/div>\n<div class=\"xr_s6\" style=\"text-align: center;\">\n<hr>\n<h3><strong><span class=\"xr_tl xr_s6\">Peter Saladin<\/span><\/strong><\/h3>\n<\/div>\n<figure><img loading=\"lazy\" decoding=\"async\" class=\"alignnone size-medium wp-image-197\" src=\"http:\/\/www.schuetzen-duggingen.ch\/wp-content\/uploads\/2016\/03\/Peter-225x300.jpg\" alt=\"Peter\" width=\"225\" height=\"300\" srcset=\"https:\/\/www.schuetzen-duggingen.ch\/wp-content\/uploads\/2016\/03\/Peter-225x300.jpg 225w, https:\/\/www.schuetzen-duggingen.ch\/wp-content\/uploads\/2016\/03\/Peter.jpg 300w\" sizes=\"auto, (max-width: 225px) 100vw, 225px\" \/><\/figure><div class=\"xr_s6\" style=\"text-align: center;\"><\/div>\n<div class=\"xr_s6\"><\/div>\n<div class=\"xr_s6\"><span class=\"xr_tl xr_s6\">Wirt\/Sch\u00fctzenmeister und Anlagewart\/Umgebung: Peter Saladin<\/span><\/div>\n<div class=\"xr_s6\"><span class=\"xr_tl xr_s6\">Grellingerstrasse 18, 4202 Duggingen<\/span><\/div>\n<div class=\"xr_s6\"><span class=\"xr_tl xr_s6\">Tel. Privat. 061 751 58 49<\/span><\/div>\n<hr>\n<p><span class=\"xr_tl xr_s6\">Anlagewart\/Umgebung: Hugo Fl\u00fcckiger<\/span><br>\n<span class=\"xr_tl xr_s6\">Felsenacker1 4203 Grellingen <\/span><br>\n<span class=\"xr_tl xr_s6\">Tel. Privat 061 741 24 97&nbsp; 076 549 02 97<\/span><br>\n<span class=\"xr_tl xr_s6\">E-mail: Yvonne.Flueck@bluewin.ch<\/span><\/p>\n<\/div>\n<div class=\"xr_s6\"><\/div>\n<div class=\"xr_s6\"><\/div>\n<\/div>\n","protected":false},"excerpt":{"rendered":"<p>&#8212;> link zum PDF Vorstand 2025 Andreas D\u00e4hler Pr\u00e4sident: Andreas D\u00e4hler, Felixh\u00e4glistrasse 29, 4103 Bottmingen Tel. Privat. 061 751 58 66 \/ 076 526 26 90 E-Mail: praesident@schuetzen-duggingen.ch Camille H\u00e4usler Kassier: Camille H\u00e4usler St. Jakobstrasse 30, 4147 Aesch Tel. Privat: <span class=\"excerpt-dots\">&hellip;<\/span> <a class=\"more-link\" href=\"https:\/\/www.schuetzen-duggingen.ch\/index.php\/vorstand\/\"><span class=\"more-msg\">Continue reading &rarr;<\/span><\/a><\/p>\n","protected":false},"author":1,"featured_media":0,"parent":0,"menu_order":0,"comment_status":"closed","ping_status":"closed","template":"","meta":{"footnotes":""},"class_list":["post-32","page","type-page","status-publish","hentry"],"yoast_head":"<!-- This site is optimized with the Yoast SEO plugin v27.4 - https:\/\/yoast.com\/product\/yoast-seo-wordpress\/ -->\n<title>Vorstand - Sch\u00fctzengesellschaft Duggingen<\/title>\n<meta name=\"robots\" content=\"index, follow, max-snippet:-1, max-image-preview:large, max-video-preview:-1\" \/>\n<link rel=\"canonical\" href=\"https:\/\/www.schuetzen-duggingen.ch\/index.php\/vorstand\/\" \/>\n<meta property=\"og:locale\" content=\"de_DE\" \/>\n<meta property=\"og:type\" content=\"article\" \/>\n<meta property=\"og:title\" content=\"Vorstand - Sch\u00fctzengesellschaft Duggingen\" \/>\n<meta property=\"og:description\" content=\"&#8212;&gt; link zum PDF Vorstand 2025 Andreas D\u00e4hler Pr\u00e4sident: Andreas D\u00e4hler, Felixh\u00e4glistrasse 29, 4103 Bottmingen Tel. Privat. 061 751 58 66 \/ 076 526 26 90 E-Mail: praesident@schuetzen-duggingen.ch Camille H\u00e4usler Kassier: Camille H\u00e4usler St. Jakobstrasse 30, 4147 Aesch Tel. Privat: &hellip; Continue reading &rarr;\" \/>\n<meta property=\"og:url\" content=\"https:\/\/www.schuetzen-duggingen.ch\/index.php\/vorstand\/\" \/>\n<meta property=\"og:site_name\" content=\"Sch\u00fctzengesellschaft Duggingen\" \/>\n<meta property=\"article:modified_time\" content=\"2025-02-08T09:47:13+00:00\" \/>\n<meta property=\"og:image\" content=\"https:\/\/www.schuetzen-duggingen.ch\/wp-content\/uploads\/2016\/02\/AndreasD.jpg\" \/>\n\t<meta property=\"og:image:width\" content=\"430\" \/>\n\t<meta property=\"og:image:height\" content=\"400\" \/>\n\t<meta property=\"og:image:type\" content=\"image\/jpeg\" \/>\n<meta name=\"twitter:card\" content=\"summary_large_image\" \/>\n<meta name=\"twitter:label1\" content=\"Gesch\u00e4tzte Lesezeit\" \/>\n\t<meta name=\"twitter:data1\" content=\"2\u00a0Minuten\" \/>\n<script type=\"application\/ld+json\" class=\"yoast-schema-graph\">{\"@context\":\"https:\\\/\\\/schema.org\",\"@graph\":[{\"@type\":\"WebPage\",\"@id\":\"https:\\\/\\\/www.schuetzen-duggingen.ch\\\/index.php\\\/vorstand\\\/\",\"url\":\"https:\\\/\\\/www.schuetzen-duggingen.ch\\\/index.php\\\/vorstand\\\/\",\"name\":\"Vorstand - Sch\u00fctzengesellschaft Duggingen\",\"isPartOf\":{\"@id\":\"https:\\\/\\\/www.schuetzen-duggingen.ch\\\/#website\"},\"primaryImageOfPage\":{\"@id\":\"https:\\\/\\\/www.schuetzen-duggingen.ch\\\/index.php\\\/vorstand\\\/#primaryimage\"},\"image\":{\"@id\":\"https:\\\/\\\/www.schuetzen-duggingen.ch\\\/index.php\\\/vorstand\\\/#primaryimage\"},\"thumbnailUrl\":\"http:\\\/\\\/www.schuetzen-duggingen.ch\\\/wp-content\\\/uploads\\\/2016\\\/02\\\/AndreasD-300x279.jpg\",\"datePublished\":\"2016-02-26T16:57:57+00:00\",\"dateModified\":\"2025-02-08T09:47:13+00:00\",\"breadcrumb\":{\"@id\":\"https:\\\/\\\/www.schuetzen-duggingen.ch\\\/index.php\\\/vorstand\\\/#breadcrumb\"},\"inLanguage\":\"de-CH\",\"potentialAction\":[{\"@type\":\"ReadAction\",\"target\":[\"https:\\\/\\\/www.schuetzen-duggingen.ch\\\/index.php\\\/vorstand\\\/\"]}]},{\"@type\":\"ImageObject\",\"inLanguage\":\"de-CH\",\"@id\":\"https:\\\/\\\/www.schuetzen-duggingen.ch\\\/index.php\\\/vorstand\\\/#primaryimage\",\"url\":\"https:\\\/\\\/www.schuetzen-duggingen.ch\\\/wp-content\\\/uploads\\\/2016\\\/02\\\/AndreasD.jpg\",\"contentUrl\":\"https:\\\/\\\/www.schuetzen-duggingen.ch\\\/wp-content\\\/uploads\\\/2016\\\/02\\\/AndreasD.jpg\",\"width\":430,\"height\":400},{\"@type\":\"BreadcrumbList\",\"@id\":\"https:\\\/\\\/www.schuetzen-duggingen.ch\\\/index.php\\\/vorstand\\\/#breadcrumb\",\"itemListElement\":[{\"@type\":\"ListItem\",\"position\":1,\"name\":\"Startseite\",\"item\":\"https:\\\/\\\/www.schuetzen-duggingen.ch\\\/\"},{\"@type\":\"ListItem\",\"position\":2,\"name\":\"Vorstand\"}]},{\"@type\":\"WebSite\",\"@id\":\"https:\\\/\\\/www.schuetzen-duggingen.ch\\\/#website\",\"url\":\"https:\\\/\\\/www.schuetzen-duggingen.ch\\\/\",\"name\":\"Sch\u00fctzengesellschaft Duggingen\",\"description\":\"\",\"publisher\":{\"@id\":\"https:\\\/\\\/www.schuetzen-duggingen.ch\\\/#organization\"},\"alternateName\":\"Sch\u00fctzengesellschaft Duggingen\",\"potentialAction\":[{\"@type\":\"SearchAction\",\"target\":{\"@type\":\"EntryPoint\",\"urlTemplate\":\"https:\\\/\\\/www.schuetzen-duggingen.ch\\\/?s={search_term_string}\"},\"query-input\":{\"@type\":\"PropertyValueSpecification\",\"valueRequired\":true,\"valueName\":\"search_term_string\"}}],\"inLanguage\":\"de-CH\"},{\"@type\":\"Organization\",\"@id\":\"https:\\\/\\\/www.schuetzen-duggingen.ch\\\/#organization\",\"name\":\"Sch\u00fctzengesellschaft Duggingen\",\"alternateName\":\"SGD\",\"url\":\"https:\\\/\\\/www.schuetzen-duggingen.ch\\\/\",\"logo\":{\"@type\":\"ImageObject\",\"inLanguage\":\"de-CH\",\"@id\":\"https:\\\/\\\/www.schuetzen-duggingen.ch\\\/#\\\/schema\\\/logo\\\/image\\\/\",\"url\":\"https:\\\/\\\/www.schuetzen-duggingen.ch\\\/wp-content\\\/uploads\\\/2016\\\/04\\\/LogoSGD.jpg\",\"contentUrl\":\"https:\\\/\\\/www.schuetzen-duggingen.ch\\\/wp-content\\\/uploads\\\/2016\\\/04\\\/LogoSGD.jpg\",\"width\":259,\"height\":259,\"caption\":\"Sch\u00fctzengesellschaft Duggingen\"},\"image\":{\"@id\":\"https:\\\/\\\/www.schuetzen-duggingen.ch\\\/#\\\/schema\\\/logo\\\/image\\\/\"}}]}<\/script>\n<!-- \/ Yoast SEO plugin. -->","yoast_head_json":{"title":"Vorstand - Sch\u00fctzengesellschaft Duggingen","robots":{"index":"index","follow":"follow","max-snippet":"max-snippet:-1","max-image-preview":"max-image-preview:large","max-video-preview":"max-video-preview:-1"},"canonical":"https:\/\/www.schuetzen-duggingen.ch\/index.php\/vorstand\/","og_locale":"de_DE","og_type":"article","og_title":"Vorstand - Sch\u00fctzengesellschaft Duggingen","og_description":"&#8212;> link zum PDF Vorstand 2025 Andreas D\u00e4hler Pr\u00e4sident: Andreas D\u00e4hler, Felixh\u00e4glistrasse 29, 4103 Bottmingen Tel. Privat. 061 751 58 66 \/ 076 526 26 90 E-Mail: praesident@schuetzen-duggingen.ch Camille H\u00e4usler Kassier: Camille H\u00e4usler St. Jakobstrasse 30, 4147 Aesch Tel. Privat: &hellip; Continue reading &rarr;","og_url":"https:\/\/www.schuetzen-duggingen.ch\/index.php\/vorstand\/","og_site_name":"Sch\u00fctzengesellschaft Duggingen","article_modified_time":"2025-02-08T09:47:13+00:00","og_image":[{"width":430,"height":400,"url":"https:\/\/www.schuetzen-duggingen.ch\/wp-content\/uploads\/2016\/02\/AndreasD.jpg","type":"image\/jpeg"}],"twitter_card":"summary_large_image","twitter_misc":{"Gesch\u00e4tzte Lesezeit":"2\u00a0Minuten"},"schema":{"@context":"https:\/\/schema.org","@graph":[{"@type":"WebPage","@id":"https:\/\/www.schuetzen-duggingen.ch\/index.php\/vorstand\/","url":"https:\/\/www.schuetzen-duggingen.ch\/index.php\/vorstand\/","name":"Vorstand - Sch\u00fctzengesellschaft Duggingen","isPartOf":{"@id":"https:\/\/www.schuetzen-duggingen.ch\/#website"},"primaryImageOfPage":{"@id":"https:\/\/www.schuetzen-duggingen.ch\/index.php\/vorstand\/#primaryimage"},"image":{"@id":"https:\/\/www.schuetzen-duggingen.ch\/index.php\/vorstand\/#primaryimage"},"thumbnailUrl":"http:\/\/www.schuetzen-duggingen.ch\/wp-content\/uploads\/2016\/02\/AndreasD-300x279.jpg","datePublished":"2016-02-26T16:57:57+00:00","dateModified":"2025-02-08T09:47:13+00:00","breadcrumb":{"@id":"https:\/\/www.schuetzen-duggingen.ch\/index.php\/vorstand\/#breadcrumb"},"inLanguage":"de-CH","potentialAction":[{"@type":"ReadAction","target":["https:\/\/www.schuetzen-duggingen.ch\/index.php\/vorstand\/"]}]},{"@type":"ImageObject","inLanguage":"de-CH","@id":"https:\/\/www.schuetzen-duggingen.ch\/index.php\/vorstand\/#primaryimage","url":"https:\/\/www.schuetzen-duggingen.ch\/wp-content\/uploads\/2016\/02\/AndreasD.jpg","contentUrl":"https:\/\/www.schuetzen-duggingen.ch\/wp-content\/uploads\/2016\/02\/AndreasD.jpg","width":430,"height":400},{"@type":"BreadcrumbList","@id":"https:\/\/www.schuetzen-duggingen.ch\/index.php\/vorstand\/#breadcrumb","itemListElement":[{"@type":"ListItem","position":1,"name":"Startseite","item":"https:\/\/www.schuetzen-duggingen.ch\/"},{"@type":"ListItem","position":2,"name":"Vorstand"}]},{"@type":"WebSite","@id":"https:\/\/www.schuetzen-duggingen.ch\/#website","url":"https:\/\/www.schuetzen-duggingen.ch\/","name":"Sch\u00fctzengesellschaft Duggingen","description":"","publisher":{"@id":"https:\/\/www.schuetzen-duggingen.ch\/#organization"},"alternateName":"Sch\u00fctzengesellschaft Duggingen","potentialAction":[{"@type":"SearchAction","target":{"@type":"EntryPoint","urlTemplate":"https:\/\/www.schuetzen-duggingen.ch\/?s={search_term_string}"},"query-input":{"@type":"PropertyValueSpecification","valueRequired":true,"valueName":"search_term_string"}}],"inLanguage":"de-CH"},{"@type":"Organization","@id":"https:\/\/www.schuetzen-duggingen.ch\/#organization","name":"Sch\u00fctzengesellschaft Duggingen","alternateName":"SGD","url":"https:\/\/www.schuetzen-duggingen.ch\/","logo":{"@type":"ImageObject","inLanguage":"de-CH","@id":"https:\/\/www.schuetzen-duggingen.ch\/#\/schema\/logo\/image\/","url":"https:\/\/www.schuetzen-duggingen.ch\/wp-content\/uploads\/2016\/04\/LogoSGD.jpg","contentUrl":"https:\/\/www.schuetzen-duggingen.ch\/wp-content\/uploads\/2016\/04\/LogoSGD.jpg","width":259,"height":259,"caption":"Sch\u00fctzengesellschaft Duggingen"},"image":{"@id":"https:\/\/www.schuetzen-duggingen.ch\/#\/schema\/logo\/image\/"}}]}},"_links":{"self":[{"href":"https:\/\/www.schuetzen-duggingen.ch\/index.php\/wp-json\/wp\/v2\/pages\/32","targetHints":{"allow":["GET"]}}],"collection":[{"href":"https:\/\/www.schuetzen-duggingen.ch\/index.php\/wp-json\/wp\/v2\/pages"}],"about":[{"href":"https:\/\/www.schuetzen-duggingen.ch\/index.php\/wp-json\/wp\/v2\/types\/page"}],"author":[{"embeddable":true,"href":"https:\/\/www.schuetzen-duggingen.ch\/index.php\/wp-json\/wp\/v2\/users\/1"}],"replies":[{"embeddable":true,"href":"https:\/\/www.schuetzen-duggingen.ch\/index.php\/wp-json\/wp\/v2\/comments?post=32"}],"version-history":[{"count":30,"href":"https:\/\/www.schuetzen-duggingen.ch\/index.php\/wp-json\/wp\/v2\/pages\/32\/revisions"}],"predecessor-version":[{"id":943,"href":"https:\/\/www.schuetzen-duggingen.ch\/index.php\/wp-json\/wp\/v2\/pages\/32\/revisions\/943"}],"wp:attachment":[{"href":"https:\/\/www.schuetzen-duggingen.ch\/index.php\/wp-json\/wp\/v2\/media?parent=32"}],"curies":[{"name":"wp","href":"https:\/\/api.w.org\/{rel}","templated":true}]}}